{"id":132,"date":"2011-03-14T08:52:01","date_gmt":"2011-03-14T08:52:01","guid":{"rendered":"http:\/\/www.vergihaber.net\/?page_id=56"},"modified":"2011-03-14T08:52:01","modified_gmt":"2011-03-14T08:52:01","slug":"tefe-katsayilari","status":"publish","type":"page","link":"http:\/\/www.tetikdenetim.com\/?page_id=132","title":{"rendered":"Tefe Katsay\u0131lar\u0131"},"content":{"rendered":"<p style=\"text-align: center;\"><a href=\"http:\/\/www.alomaliye.com\/tefe_katsayilari.rtf\" target=\"_blank\"><strong>Tefe Katsay\u0131lar\u0131 \u0130\u00e7in T\u0131klay\u0131n\u0131z<\/strong><\/a><\/p>\n","protected":false},"excerpt":{"rendered":"<p>Tefe Katsay\u0131lar\u0131 \u0130\u00e7in T\u0131klay\u0131n\u0131z<\/p>\n","protected":false},"author":1,"featured_media":0,"parent":0,"menu_order":0,"comment_status":"open","ping_status":"open","template":"","meta":{"footnotes":""},"class_list":["post-132","page","type-page","status-publish","hentry"],"_links":{"self":[{"href":"http:\/\/www.tetikdenetim.com\/index.php?rest_route=\/wp\/v2\/pages\/132","targetHints":{"allow":["GET"]}}],"collection":[{"href":"http:\/\/www.tetikdenetim.com\/index.php?rest_route=\/wp\/v2\/pages"}],"about":[{"href":"http:\/\/www.tetikdenetim.com\/index.php?rest_route=\/wp\/v2\/types\/page"}],"author":[{"embeddable":true,"href":"http:\/\/www.tetikdenetim.com\/index.php?rest_route=\/wp\/v2\/users\/1"}],"replies":[{"embeddable":true,"href":"http:\/\/www.tetikdenetim.com\/index.php?rest_route=%2Fwp%2Fv2%2Fcomments&post=132"}],"version-history":[{"count":0,"href":"http:\/\/www.tetikdenetim.com\/index.php?rest_route=\/wp\/v2\/pages\/132\/revisions"}],"wp:attachment":[{"href":"http:\/\/www.tetikdenetim.com\/index.php?rest_route=%2Fwp%2Fv2%2Fmedia&parent=132"}],"curies":[{"name":"wp","href":"https:\/\/api.w.org\/{rel}","templated":true}]}}